{"id":388828,"date":"2024-11-04T13:27:14","date_gmt":"2024-11-04T13:27:14","guid":{"rendered":"https:\/\/institutig.ba\/projektovanje-i-kontrola\/"},"modified":"2026-01-23T09:15:46","modified_gmt":"2026-01-23T09:15:46","slug":"design-and-supervision","status":"publish","type":"page","link":"https:\/\/institutig.ba\/en\/design-and-supervision\/","title":{"rendered":"Design and Supervision"},"content":{"rendered":"<p>[et_pb_section fb_built=&#8221;1&#8243; custom_padding_last_edited=&#8221;on|phone&#8221; admin_label=&#8221;Jesaja Header &#8211; Ragnar&#8221; module_class=&#8221;ragnar_header_jesaja&#8221; _builder_version=&#8221;4.27.4&#8243; _module_preset=&#8221;default&#8221; custom_padding=&#8221;0px||96px||false|false&#8221; custom_padding_tablet=&#8221;||30px||false|false&#8221; custom_padding_phone=&#8221;||0px||false|false&#8221; locked=&#8221;off&#8221; collapsed=&#8221;on&#8221; global_colors_info=&#8221;{}&#8221;][et_pb_row admin_label=&#8221;Jesaja Header &#8211; Ragnar &#8211; Row&#8221; _builder_version=&#8221;4.16&#8243; _module_preset=&#8221;default&#8221; width=&#8221;100%&#8221; max_width=&#8221;100%&#8221; custom_padding=&#8221;0px||0px||false|false&#8221; global_colors_info=&#8221;{}&#8221;][et_pb_column type=&#8221;4_4&#8243; _builder_version=&#8221;4.16&#8243; _module_preset=&#8221;default&#8221; global_colors_info=&#8221;{}&#8221;][et_pb_image src=&#8221;https:\/\/institutig.ba\/wp-content\/uploads\/2025\/07\/monitoring-ig.jpg&#8221; title_text=&#8221;monitoring-ig&#8221; admin_label=&#8221;Jesaja Header &#8211; Ragnar &#8211; Image &#8211; Image size:1900x571px&#8221; _builder_version=&#8221;4.27.4&#8243; _module_preset=&#8221;default&#8221; width=&#8221;100%&#8221; custom_margin=&#8221;||0px||false|false&#8221; global_colors_info=&#8221;{}&#8221;][\/et_pb_image][\/et_pb_column][\/et_pb_row][\/et_pb_section][et_pb_section fb_built=&#8221;1&#8243; custom_padding_last_edited=&#8221;on|phone&#8221; admin_label=&#8221;Ali Accordion &#8211; Ragnar&#8221; module_class=&#8221;ragnar_accordion_stone ragnar_accordion_ali&#8221; _builder_version=&#8221;4.27.4&#8243; _module_preset=&#8221;default&#8221; background_enable_color=&#8221;off&#8221; custom_padding=&#8221;0px||100px||false|false&#8221; custom_padding_tablet=&#8221;30px||30px||true|false&#8221; custom_padding_phone=&#8221;&#8221; collapsed=&#8221;off&#8221; global_colors_info=&#8221;{}&#8221;][et_pb_row admin_label=&#8221;Ali Accordion &#8211; Ragnar &#8211; Row&#8221; _builder_version=&#8221;4.16&#8243; _module_preset=&#8221;default&#8221; width=&#8221;90%&#8221; max_width=&#8221;1170px&#8221; custom_padding=&#8221;||0px||false|false&#8221; locked=&#8221;off&#8221; global_colors_info=&#8221;{}&#8221;][et_pb_column type=&#8221;4_4&#8243; _builder_version=&#8221;4.16&#8243; _module_preset=&#8221;default&#8221; global_colors_info=&#8221;{}&#8221;][et_pb_text admin_label=&#8221;Ali Accordion &#8211; Ragnar &#8211; Text &#8211; The Perfect Experience&#8221; _builder_version=&#8221;4.27.4&#8243; _module_preset=&#8221;default&#8221; text_font=&#8221;Barlow|600|||||||&#8221; text_text_color=&#8221;#25282a&#8221; text_font_size=&#8221;42px&#8221; text_line_height=&#8221;114%&#8221; header_3_font=&#8221;|600|||||||&#8221; header_3_font_size=&#8221;26px&#8221; header_3_line_height=&#8221;1.5em&#8221; header_6_text_color=&#8221;#000000&#8243; custom_padding=&#8221;||12px||false|false&#8221; custom_padding_tablet=&#8221;||20px||false|false&#8221; custom_padding_phone=&#8221;|20px||20px|false|true&#8221; custom_padding_last_edited=&#8221;on|phone&#8221; text_font_size_tablet=&#8221;40px&#8221; text_font_size_phone=&#8221;30px&#8221; text_font_size_last_edited=&#8221;on|tablet&#8221; header_3_font_tablet=&#8221;|600|||||||&#8221; header_3_font_phone=&#8221;|600|||||||&#8221; header_3_font_last_edited=&#8221;on|tablet&#8221; header_3_font_size_tablet=&#8221;2.4vh&#8221; header_3_font_size_phone=&#8221;2.4vh&#8221; header_3_font_size_last_edited=&#8221;on|phone&#8221; border_color_bottom=&#8221;#ffffff&#8221; global_colors_info=&#8221;{}&#8221;]<\/p>\n<h3>Civil Engineering Institute &#8220;IG&#8221; Banja Luka provides services of the preparation and review of technical documentation of all levels for all types of structures\/buildings, both in road design and high-rise building. Technical documentation is developed in phases in line with valid standards and regulations, comprising the following fields:<\/h3>\n<p>[\/et_pb_text][\/et_pb_column][\/et_pb_row][et_pb_row use_custom_gutter=&#8221;on&#8221; gutter_width=&#8221;2&#8243; custom_padding_last_edited=&#8221;on|tablet&#8221; module_class=&#8221;igkontorla&#8221; _builder_version=&#8221;4.27.4&#8243; _module_preset=&#8221;default&#8221; width=&#8221;90%&#8221; max_width=&#8221;1130px&#8221; custom_padding=&#8221;20px||||false|false&#8221; custom_padding_tablet=&#8221;20px||||false|false&#8221; custom_padding_phone=&#8221;20px||||false|false&#8221; custom_css_free_form=&#8221;.popupaoc-link{||  color:#000000!important;||  font-size: 16px;||\ttext-transform: uppercase;||\tletter-spacing: 1px;||\tfont-weight: 500;||}||||.igtimovi li {||  list-style-type:none;||}||||.igkontrola li::marker {||   content:&#8221;!important;||}||.igkontorla li div {||text-indent: -20px;||margin-left: 20px;||}||||&#8221; global_colors_info=&#8221;{}&#8221;][et_pb_column type=&#8221;4_4&#8243; _builder_version=&#8221;4.27.4&#8243; _module_preset=&#8221;default&#8221; global_colors_info=&#8221;{}&#8221;][et_pb_text _builder_version=&#8221;4.27.4&#8243; _module_preset=&#8221;default&#8221; hover_enabled=&#8221;0&#8243; custom_css_free_form=&#8221;.entry-content ul{||  padding-left:1.3em;||}||.cols{max-width:300px}||||.djelatnosti{|| display: grid;||  column-gap: 10px; \/* Razmak izme\u0111u svih kolona *\/||}||||.djelatnosti {||  list-style-type: none!important; \/* Ukida standardne ta\u010dkice *\/||  padding-left: 0; \/* Uklanja bilo koji prostor sa leve strane *\/||}||||.djelatnosti li {||  position: relative;||  padding-left: 25px; \/* Ostavlja prostor za kru\u017ei\u0107 *\/||  line-height:40px;||   transition: transform 0.3s ease;||}||||.djelatnosti li::before {||  content: %22+%22; \/* Postavlja znak + *\/||  position: absolute;||  left: 0; \/* Postavlja znak sa leve strane *\/||  top: 50%;||  transform: translateY(-50%); \/* Centriranje vertikalno *\/||  width: 20px; \/* \u0160irina kru\u017ei\u0107a *\/||  height: 20px; \/* Visina kru\u017ei\u0107a *\/||  border-radius: 50%; \/* Pravljenje kru\u017ei\u0107a *\/||  background-color: yellow; \/* Boja pozadine kru\u017ei\u0107a *\/||  color: black; \/* Boja teksta unutar kru\u017ei\u0107a *\/|| font-weight: bold; \/* Pove\u0107ava debljinu znaka *\/||  text-align: center; \/* Centriranje znaka unutar kru\u017ei\u0107a *\/||  line-height: 20px; \/* Vertikalno centriranje teksta unutar kru\u017ei\u0107a *\/||  transition: transform 0.3s ease; \/* Dodaje tranziciju za transformaciju(rotaciju, zoom i pomeranje) *\/||}||.djelatnosti li:hover::before {||  transform: translateY(-50%) rotate(360deg); \/*scale(1.5);  Rotira znak + za 180 stepeni i zumira za 50% *\/||  ||}||||.djelatnosti li:hover {||  transform: translateX(10px); \/* Pomera tekst 10px udesno pri hoveru *\/||}||||.paoc-popup-link{font-size:18px;}||||||@media (max-width: 600px) {||  \/* Stilovi za telefone *\/||    grid-template-columns: 1fr; \/* Tri kolone sa razli\u010ditim \u0161irinama *\/||}||\/* Tableti (portretnim orijentacija) *\/||@media (min-width: 601px) and (max-width: 900px) {||  \/* Stilovi za tablete *\/||  .djelatnosti{||   grid-template-columns: 1fr 1fr!important;||  }||}||||\/* Desktop ra\u010dunari (mali do srednji ekran) *\/||@media (min-width: 901px) and (max-width: 1200px) {||  \/* Stilovi za male i srednje desktop ra\u010dunare *\/||  .djelatnosti{||   grid-template-columns: 1fr 1fr;||    }||}||||\/* Veliki desktop ra\u010dunari *\/||@media (min-width: 1201px) {||  \/* Stilovi za velike desktop ra\u010dunare *\/||  .djelatnosti{||   grid-template-columns: 1fr 1fr 1fr;||  }||  .djelatnosti li:nth-child(2), .djelatnosti li:nth-child(5), .djelatnosti li:nth-child(8){||  margin-left: -20px; \/* Leva margina samo za drugu kolonu *\/||}||}&#8221; global_colors_info=&#8221;{}&#8221; sticky_enabled=&#8221;0&#8243;]<\/p>\n<ul class=\"djelatnosti\">\n<li><span>\r\n\t<a class=\"paoc-popup-click paoc-popup-cust-388866 paoc-popup-simple_link paoc-popup-link\" href=\"javascript:void(0);\">Architecture<\/a>\r\n\r\n<\/span><\/li>\n<li>\r\n\t<a class=\"paoc-popup-click paoc-popup-cust-388846 paoc-popup-simple_link paoc-popup-link\" href=\"javascript:void(0);\">Structures<\/a>\r\n\r\n<\/li>\n<li><span>\r\n\t<a class=\"paoc-popup-click paoc-popup-cust-389057 paoc-popup-simple_link paoc-popup-link\" href=\"javascript:void(0);\">Hydraulic engineering<\/a>\r\n\r\n<\/span><\/li>\n<li>\r\n\t<a class=\"paoc-popup-click paoc-popup-cust-388839 paoc-popup-simple_link paoc-popup-link\" href=\"javascript:void(0);\">Road design<\/a>\r\n\r\n<\/li>\n<li><span>\r\n\t<a class=\"paoc-popup-click paoc-popup-cust-388862 paoc-popup-simple_link paoc-popup-link\" href=\"javascript:void(0);\">Power &amp; Telecom Engineering<\/a>\r\n\r\n<\/span><\/li>\n<li>\r\n\t<a class=\"paoc-popup-click paoc-popup-cust-388842 paoc-popup-simple_link paoc-popup-link\" href=\"javascript:void(0);\">Mechanical engineering plants and HVAC<\/a>\r\n\r\n<\/li>\n<li><span>\r\n\t<a class=\"paoc-popup-click paoc-popup-cust-388871 paoc-popup-simple_link paoc-popup-link\" href=\"javascript:void(0);\">Technology<\/a>\r\n\r\n<\/span><\/li>\n<li><span>\r\n\t<a class=\"paoc-popup-click paoc-popup-cust-388874 paoc-popup-simple_link paoc-popup-link\" href=\"javascript:void(0);\">Landscaping<\/a>\r\n\r\n<\/span><\/li>\n<li>\r\n\t<a class=\"paoc-popup-click paoc-popup-cust-388826 paoc-popup-simple_link paoc-popup-link\" href=\"javascript:void(0);\">Traffic engineering<\/a>\r\n\r\n<\/li>\n<li><span>\r\n\t<a class=\"paoc-popup-click paoc-popup-cust-388855 paoc-popup-simple_link paoc-popup-link\" href=\"javascript:void(0);\">Geodetic surveys and measurements<\/a>\r\n\r\n<\/span><\/li>\n<\/ul>\n<p>[\/et_pb_text][\/et_pb_column][\/et_pb_row][\/et_pb_section]<\/p>\n","protected":false},"excerpt":{"rendered":"<p>Civil Engineering Institute &#8220;IG&#8221; Banja Luka provides services of the preparation and review of technical documentation of all levels for all types of structures\/buildings, both in road design and high-rise building. Technical documentation is developed in phases in line with valid standards and regulations, comprising the following fields: \r\n\t<a class=\"paoc-popup-click paoc-popup-cust-388866 paoc-popup-simple_link paoc-popup-link\" href=\"javascript:void(0);\">Architecture<\/a>\r\n\r\n \r\n\t<a class=\"paoc-popup-click paoc-popup-cust-388846 paoc-popup-simple_link paoc-popup-link\" href=\"javascript:void(0);\">Structures<\/a>\r\n\r\n \r\n\t<a class=\"paoc-popup-click paoc-popup-cust-389057 paoc-popup-simple_link paoc-popup-link\" href=\"javascript:void(0);\">Hydraulic engineering<\/a>\r\n\r\n <\/p>\n","protected":false},"author":1,"featured_media":0,"parent":0,"menu_order":0,"comment_status":"closed","ping_status":"closed","template":"","meta":{"_et_pb_use_builder":"on","_et_pb_old_content":"","_et_gb_content_width":"","inline_featured_image":false,"footnotes":""},"class_list":["post-388828","page","type-page","status-publish","hentry"],"_links":{"self":[{"href":"https:\/\/institutig.ba\/en\/wp-json\/wp\/v2\/pages\/388828","targetHints":{"allow":["GET"]}}],"collection":[{"href":"https:\/\/institutig.ba\/en\/wp-json\/wp\/v2\/pages"}],"about":[{"href":"https:\/\/institutig.ba\/en\/wp-json\/wp\/v2\/types\/page"}],"author":[{"embeddable":true,"href":"https:\/\/institutig.ba\/en\/wp-json\/wp\/v2\/users\/1"}],"replies":[{"embeddable":true,"href":"https:\/\/institutig.ba\/en\/wp-json\/wp\/v2\/comments?post=388828"}],"version-history":[{"count":16,"href":"https:\/\/institutig.ba\/en\/wp-json\/wp\/v2\/pages\/388828\/revisions"}],"predecessor-version":[{"id":389063,"href":"https:\/\/institutig.ba\/en\/wp-json\/wp\/v2\/pages\/388828\/revisions\/389063"}],"wp:attachment":[{"href":"https:\/\/institutig.ba\/en\/wp-json\/wp\/v2\/media?parent=388828"}],"curies":[{"name":"wp","href":"https:\/\/api.w.org\/{rel}","templated":true}]}}